{"id":767,"date":"2017-09-02T05:17:07","date_gmt":"2017-09-02T05:17:07","guid":{"rendered":"http:\/\/lawking.theironnetwork.org\/?page_id=767"},"modified":"2024-08-06T10:50:40","modified_gmt":"2024-08-06T13:50:40","slug":"home-2","status":"publish","type":"page","link":"https:\/\/ceipecondominiologistico.com.br\/","title":{"rendered":"In\u00edcio"},"content":{"rendered":"<p>[vc_row full_width=&#8221;stretch_row&#8221; css=&#8221;.vc_custom_1559247798078{padding-bottom: 50px !important;background-color: #f1f1f1 !important;}&#8221; el_class=&#8221;ironthm-custom-visible&#8221; el_id=&#8221;home&#8221;][vc_column css=&#8221;.vc_custom_1504670456647{padding-top: 0px !important;}&#8221;][vc_row_inner css=&#8221;.vc_custom_1533292204980{margin-right: 0px !important;margin-bottom: 70px !important;margin-left: 0px !important;padding-top: 30px !important;padding-right: 30px !important;padding-bottom: 30px !important;padding-left: 30px !important;background-color: #ffffff !important;border-radius: 10px !important;}&#8221; el_class=&#8221;mrgn-top-ngv-xs ironthm-box-shadow&#8221;][vc_column_inner el_class=&#8221;device-mrgn-btm-sm&#8221; css=&#8221;.vc_custom_1505491929791{padding-top: 0px !important;}&#8221; offset=&#8221;vc_col-lg-8 vc_col-md-8 vc_col-xs-12&#8243;][vc_custom_heading text=&#8221;Condom\u00ednio Empresarial e Industrial de Pernambuco &#8211; CEIPE&#8221; font_container=&#8221;tag:h3|text_align:left|color:%23234791&#8243; use_theme_fonts=&#8221;yes&#8221; css=&#8221;.vc_custom_1559153804688{margin-bottom: 20px !important;}&#8221;][vc_column_text css=&#8221;.vc_custom_1560863751618{margin-bottom: 0px !important;}&#8221;]<\/p>\n<p class=\"justificar\"><b>Inaugurado em 2008<\/b>, o CEIPE est\u00e1 no local ideal para sua empresa se instalar fazendo parte de um empreendimento com infraestrutura apropriada para um <b>condom\u00ednio log\u00edstico<\/b>, que ir\u00e1 atender todas as necessidades previstas numa empresa moderna e atualizada. \u00danica na regi\u00e3o do Agreste e interior do Estado de Pernambucano.<\/p>\n<p>[\/vc_column_text][\/vc_column_inner][vc_column_inner css=&#8221;.vc_custom_1505491915911{padding-top: 0px !important;}&#8221; offset=&#8221;vc_col-lg-4 vc_col-md-4 vc_col-xs-12&#8243;][vc_single_image image=&#8221;3548&#8243; img_size=&#8221;medium&#8221; alignment=&#8221;center&#8221; style=&#8221;vc_box_rounded&#8221; css=&#8221;.vc_custom_1721147243091{margin-bottom: 0px !important;}&#8221;][\/vc_column_inner][\/vc_row_inner][vc_row_inner][vc_column_inner width=&#8221;1\/5&#8243;][vc_raw_html]JTNDZGl2JTIwc3R5bGUlM0QlMjJ3aGl0ZS1zcGFjZSUzQSUyMG5vd3JhcCUzQiUyMHRleHQtYWxpZ24lM0ElMjBjZW50ZXIlM0IlMjIlM0UlMEElM0NoMyUzRSUzQ3NwYW4lMjBjbGFzcyUzRCUyMnRpdHVsb2J0JTIyJTIwc3R5bGUlM0QlMjJjb2xvciUzQSUyMCUyMzAwMzM2NiUzQiUyMiUzRTk0LjUwOCUyQzY2bSVDMiVCMiUzQyUyRnNwYW4lM0UlM0MlMkZoMyUzRSUwQSUzQ3AlM0UlM0NzcGFuJTIwY2xhc3MlM0QlMjJzdWJ0aXR1bG9idCUyMiUzRSVDMyU4MXJlYSUyMFRlcnJpdG9yaWFsJTNDJTJGc3BhbiUzRSUzQyUyRnAlM0UlMEElM0MlMkZkaXYlM0U=[\/vc_raw_html][\/vc_column_inner][vc_column_inner width=&#8221;1\/5&#8243;][vc_raw_html]JTNDZGl2JTIwc3R5bGUlM0QlMjJ3aGl0ZS1zcGFjZSUzQSUyMG5vd3JhcCUzQiUyMHRleHQtYWxpZ24lM0ElMjBjZW50ZXIlM0IlMjIlM0UlMEElM0NoMyUzRSUzQ3NwYW4lMjBjbGFzcyUzRCUyMnRpdHVsb2J0JTIyJTIwc3R5bGUlM0QlMjJjb2xvciUzQSUyMCUyMzAwMzM2NiUzQiUyMiUzRTAzJTIwZ2FscCVDMyVCNWVzJTNDJTJGc3BhbiUzRSUzQyUyRmgzJTNFJTBBJTNDcCUzRSUzQ3NwYW4lMjBjbGFzcyUzRCUyMnN1YnRpdHVsb2J0JTIyJTNFMjAlMjBNJUMzJUIzZHVsb3MlM0MlMkZzcGFuJTNFJTNDJTJGcCUzRSUwQSUzQyUyRmRpdiUzRQ==[\/vc_raw_html][\/vc_column_inner][vc_column_inner width=&#8221;1\/5&#8243;][vc_raw_html]JTNDZGl2JTIwc3R5bGUlM0QlMjJ3aGl0ZS1zcGFjZSUzQSUyMG5vd3JhcCUzQiUyMHRleHQtYWxpZ24lM0ElMjBjZW50ZXIlM0IlMjIlM0UlMEElM0NoMyUzRSUzQ3NwYW4lMjBjbGFzcyUzRCUyMnRpdHVsb2J0JTIyJTIwc3R5bGUlM0QlMjJjb2xvciUzQSUyMCUyMzAwMzM2NiUzQiUyMiUzRTM5Ljc0MSUyQzEzbSVDMiVCMiUzQyUyRnNwYW4lM0UlM0MlMkZoMyUzRSUwQSUzQ3AlM0UlM0NzcGFuJTIwY2xhc3MlM0QlMjJzdWJ0aXR1bG9idCUyMiUzRSVDMyU4MXJlYSUyMExvYyVDMyVBMXZlbCUyMFRvdGFsJTNDJTJGc3BhbiUzRSUzQyUyRnAlM0UlMEElM0MlMkZkaXYlM0U=[\/vc_raw_html][\/vc_column_inner][vc_column_inner width=&#8221;1\/5&#8243;][vc_raw_html]JTNDZGl2JTIwc3R5bGUlM0QlMjJ3aGl0ZS1zcGFjZSUzQSUyMG5vd3JhcCUzQiUyMHRleHQtYWxpZ24lM0ElMjBjZW50ZXIlM0IlMjIlM0UlMEElM0NoMyUzRSUzQ3NwYW4lMjBjbGFzcyUzRCUyMnRpdHVsb2J0JTIyJTIwc3R5bGUlM0QlMjJjb2xvciUzQSUyMCUyMzAwMzM2NiUzQiUyMiUzRTMzOSUyMHZhZ2FzJTNDJTJGc3BhbiUzRSUzQyUyRmgzJTNFJTBBJTNDcCUzRSUzQ3NwYW4lMjBjbGFzcyUzRCUyMnN1YnRpdHVsb2J0JTIyJTNFQ2Fycm9zJTIwZSUyMG1vdG9zJTNDJTJGc3BhbiUzRSUzQyUyRnAlM0UlMEElM0MlMkZkaXYlM0U=[\/vc_raw_html][\/vc_column_inner][vc_column_inner width=&#8221;1\/5&#8243;][vc_raw_html]JTNDZGl2JTIwc3R5bGUlM0QlMjJ3aGl0ZS1zcGFjZSUzQSUyMG5vd3JhcCUzQiUyMHRleHQtYWxpZ24lM0ElMjBjZW50ZXIlM0IlMjIlM0UlMEElM0NoMyUzRSUzQ3NwYW4lMjBjbGFzcyUzRCUyMnRpdHVsb2J0JTIyJTIwc3R5bGUlM0QlMjJjb2xvciUzQSUyMCUyMzAwMzM2NiUzQiUyMiUzRTkzJTIwZG9jYXMlMjAlM0MlMkZzcGFuJTNFJTNDJTJGaDMlM0UlMEElM0NwJTNFJTNDc3BhbiUyMGNsYXNzJTNEJTIyc3VidGl0dWxvYnQlMjIlM0VubyUyMHRvdGFsJTNDJTJGc3BhbiUzRSUzQyUyRnAlM0UlMEElM0MlMkZkaXYlM0U=[\/vc_raw_html][\/vc_column_inner][\/vc_row_inner][\/vc_column][\/vc_row][vc_row el_id=&#8221;diferenciais&#8221;][vc_column][vc_raw_html]JTNDcCUyMGNsYXNzJTNEJTIyY2FpeGFfYWx0YSUyMiUzRWRpZmVyZW5jaWFpcyUyMCUzQyUyRnAlM0U=[\/vc_raw_html][\/vc_column][vc_column width=&#8221;1\/3&#8243;][vc_single_image image=&#8221;3071&#8243; img_size=&#8221;90X90&#8243; alignment=&#8221;center&#8221;][vc_text_separator title=&#8221;ADMINISTRA\u00c7\u00c3O&#8221;][vc_column_text css=&#8221;.vc_custom_1564499649767{padding-left: 20px !important;}&#8221;]<\/p>\n<ul>\n<li>Recep\u00e7\u00e3o;<\/li>\n<li>Sala de seguran\u00e7a;<\/li>\n<li>Sala de reuni\u00f5es;<\/li>\n<li>\u00c1rea administrativa;<\/li>\n<li>Refeit\u00f3rio;<\/li>\n<li>Vesti\u00e1rios F. e M.;<\/li>\n<li>\u00c1rea social.<\/li>\n<\/ul>\n<p>[\/vc_column_text][\/vc_column][vc_column width=&#8221;1\/3&#8243;][vc_single_image image=&#8221;3067&#8243; img_size=&#8221;90X90&#8243; alignment=&#8221;center&#8221;][vc_text_separator title=&#8221;INFRAESTRUTURA&#8221;][vc_column_text css=&#8221;.vc_custom_1564498094223{padding-left: 20px !important;}&#8221;]<\/p>\n<ul>\n<li style=\"text-align: left;\">Ruas pavimentadas;<\/li>\n<li style=\"text-align: left;\">Drenagem completa com reservat\u00f3rio de reten\u00e7\u00e3o;<\/li>\n<li style=\"text-align: left;\">Portaria com controle de acesso monitorado;<\/li>\n<li style=\"text-align: left;\">Sistema de seguran\u00e7a com CFTV;<\/li>\n<li style=\"text-align: left;\">Estacionamento para visitantes e funcion\u00e1rios:\n<ul>\n<li>161 vagas de carro;<\/li>\n<li>178 vagas de moto e biciclet\u00e1rio;<\/li>\n<\/ul>\n<\/li>\n<li style=\"text-align: left;\">Vigil\u00e2ncia armada 24h;<\/li>\n<li style=\"text-align: left;\">Zeladoria.<\/li>\n<\/ul>\n<p>[\/vc_column_text][\/vc_column][vc_column width=&#8221;1\/3&#8243;][vc_single_image image=&#8221;3065&#8243; img_size=&#8221;90X90&#8243; alignment=&#8221;center&#8221;][vc_text_separator title=&#8221;CENTRO LOG\u00cdSTICO&#8221;][vc_column_text css=&#8221;.vc_custom_1564499658048{padding-left: 20px !important;}&#8221;]<\/p>\n<ul>\n<li style=\"text-align: left;\">Galp\u00f5es modulados com possibilidade de interliga\u00e7\u00e3o \u2013 divis\u00f3rias em bloco concreto;<\/li>\n<li style=\"text-align: left;\">Portas tipo toldo;<\/li>\n<li style=\"text-align: left;\">P\u00e9-direito livre: 12 metros;<\/li>\n<li style=\"text-align: left;\">Piso em concreto nivelado (polido) a laser para 5 t\/m\u00b2;<\/li>\n<li style=\"text-align: left;\">Cobertura met\u00e1lica;<\/li>\n<li style=\"text-align: left;\">Ilumina\u00e7\u00e3o zenital em policarbonato;<\/li>\n<li style=\"text-align: left;\">20 metros livres entre pilares;<\/li>\n<li style=\"text-align: left;\">Docas com 1,30m.<\/li>\n<\/ul>\n<p>[\/vc_column_text][\/vc_column][\/vc_row][vc_row full_width=&#8221;stretch_row&#8221; css=&#8221;.vc_custom_1559247824458{padding-top: 70px !important;padding-bottom: 30px !important;background-color: #234791 !important;}&#8221; el_class=&#8221;device-sm-mrgn-sm&#8221; el_id=&#8221;empresa&#8221;][vc_column el_class=&#8221;ironthm-light-txt&#8221; css=&#8221;.vc_custom_1504673397275{padding-top: 0px !important;}&#8221;][vc_raw_html]JTNDcCUyMGNsYXNzJTNEJTIyY2FpeGFfYWx0YSUyMHNvbWJyYSUyMiUzRVBhcmElMjBzdWElMjBlbXByZXNhJTNDJTJGcCUzRQ==[\/vc_raw_html][vc_column_text]<\/p>\n<p class=\"justificar\">Os empreendimentos log\u00edsticos s\u00e3o condom\u00ednios de galp\u00f5es para alugar com todas as facilidades para as empresas que necessitam de espa\u00e7os para armazenagem, oferecendo aos usu\u00e1rios todos os benef\u00edcios e vantagens de uma infraestrutura, com administra\u00e7\u00e3o e custos rateados. O projeto articula todas as necessidades log\u00edsticas, funcionais e operacionais, dando melhor desempenho aos processos de estocagem e armazenamento.<\/p>\n<p>[\/vc_column_text][vc_row_inner][vc_column_inner width=&#8221;1\/2&#8243;][vc_single_image image=&#8221;3334&#8243; img_size=&#8221;full&#8221;][\/vc_column_inner][vc_column_inner width=&#8221;1\/2&#8243;][vc_single_image image=&#8221;3324&#8243; img_size=&#8221;full&#8221;][\/vc_column_inner][\/vc_row_inner][\/vc_column][\/vc_row][vc_row full_width=&#8221;stretch_row_content&#8221; css=&#8221;.vc_custom_1564574672821{border-top-width: 1px !important;padding-top: 50px !important;padding-right: 40px !important;padding-bottom: 20px !important;padding-left: 40px !important;border-top-color: #ebebeb !important;border-top-style: solid !important;}&#8221; el_id=&#8221;condominio&#8221;][vc_column css=&#8221;.vc_custom_1504675004568{padding-top: 0px !important;}&#8221;][vc_raw_html]JTNDcCUyMGNsYXNzJTNEJTIyY2FpeGFfYWx0YSUyMiUzRWVtcHJlc2FzJTIwZG8lMjBjb25kb20lQzMlQURuaW8lMjAlM0MlMkZwJTNF[\/vc_raw_html][vc_row_inner][vc_column_inner width=&#8221;1\/4&#8243;][vc_single_image image=&#8221;3213&#8243; img_size=&#8221;full&#8221; alignment=&#8221;center&#8221; onclick=&#8221;link_image&#8221;][\/vc_column_inner][vc_column_inner width=&#8221;1\/4&#8243;][vc_single_image image=&#8221;3214&#8243; img_size=&#8221;full&#8221; alignment=&#8221;center&#8221; onclick=&#8221;link_image&#8221;][\/vc_column_inner][vc_column_inner width=&#8221;1\/4&#8243;][vc_single_image image=&#8221;3215&#8243; img_size=&#8221;full&#8221; alignment=&#8221;center&#8221; onclick=&#8221;link_image&#8221;][\/vc_column_inner][vc_column_inner width=&#8221;1\/4&#8243;][vc_single_image image=&#8221;3227&#8243; img_size=&#8221;full&#8221; alignment=&#8221;center&#8221; onclick=&#8221;link_image&#8221;][\/vc_column_inner][\/vc_row_inner][vc_row_inner][vc_column_inner width=&#8221;1\/4&#8243;][vc_single_image image=&#8221;3226&#8243; img_size=&#8221;full&#8221; alignment=&#8221;center&#8221; onclick=&#8221;link_image&#8221;][\/vc_column_inner][vc_column_inner width=&#8221;1\/4&#8243;][vc_single_image image=&#8221;3218&#8243; img_size=&#8221;full&#8221; alignment=&#8221;center&#8221; onclick=&#8221;link_image&#8221;][\/vc_column_inner][vc_column_inner width=&#8221;1\/4&#8243;][vc_single_image image=&#8221;3252&#8243; img_size=&#8221;full&#8221; alignment=&#8221;center&#8221; onclick=&#8221;link_image&#8221;][\/vc_column_inner][vc_column_inner width=&#8221;1\/4&#8243;][vc_single_image image=&#8221;3216&#8243; img_size=&#8221;full&#8221; alignment=&#8221;center&#8221; onclick=&#8221;link_image&#8221;][\/vc_column_inner][\/vc_row_inner][vc_row_inner][vc_column_inner width=&#8221;1\/4&#8243;][vc_single_image image=&#8221;3544&#8243; img_size=&#8221;full&#8221; alignment=&#8221;center&#8221; onclick=&#8221;link_image&#8221;][\/vc_column_inner][vc_column_inner width=&#8221;1\/4&#8243;][vc_single_image image=&#8221;3545&#8243; img_size=&#8221;full&#8221; alignment=&#8221;center&#8221; onclick=&#8221;link_image&#8221;][\/vc_column_inner][vc_column_inner width=&#8221;1\/4&#8243;][vc_single_image image=&#8221;3563&#8243; img_size=&#8221;full&#8221; alignment=&#8221;center&#8221; onclick=&#8221;link_image&#8221;][\/vc_column_inner][vc_column_inner width=&#8221;1\/4&#8243;][vc_single_image image=&#8221;3564&#8243; img_size=&#8221;full&#8221; alignment=&#8221;center&#8221; onclick=&#8221;link_image&#8221;][\/vc_column_inner][\/vc_row_inner][vc_row_inner][vc_column_inner width=&#8221;1\/4&#8243;][vc_single_image image=&#8221;3565&#8243; img_size=&#8221;full&#8221; alignment=&#8221;center&#8221; onclick=&#8221;link_image&#8221;][\/vc_column_inner][vc_column_inner width=&#8221;1\/4&#8243;][vc_single_image image=&#8221;3568&#8243; img_size=&#8221;full&#8221; alignment=&#8221;center&#8221; onclick=&#8221;link_image&#8221;][\/vc_column_inner][\/vc_row_inner][\/vc_column][\/vc_row][vc_row css=&#8221;.vc_custom_1559656127483{padding-top: 50px !important;padding-bottom: 10px !important;}&#8221; el_id=&#8221;galeria&#8221;][vc_column css=&#8221;.vc_custom_1504670825986{padding-top: 0px !important;}&#8221;][vc_raw_html]JTNDcCUyMGNsYXNzJTNEJTIyY2FpeGFfYWx0YSUyMiUzRWdhbGVyaWElMjAlM0MlMkZwJTNF[\/vc_raw_html][vc_row_inner][vc_column_inner width=&#8221;1\/4&#8243;][vc_single_image image=&#8221;3548&#8243; img_size=&#8221;full&#8221; alignment=&#8221;center&#8221; onclick=&#8221;link_image&#8221;][\/vc_column_inner][vc_column_inner width=&#8221;1\/4&#8243;][vc_single_image image=&#8221;3549&#8243; img_size=&#8221;full&#8221; alignment=&#8221;center&#8221; onclick=&#8221;link_image&#8221;][\/vc_column_inner][vc_column_inner width=&#8221;1\/4&#8243;][vc_single_image image=&#8221;3550&#8243; img_size=&#8221;full&#8221; alignment=&#8221;center&#8221; onclick=&#8221;link_image&#8221;][\/vc_column_inner][vc_column_inner width=&#8221;1\/4&#8243;][vc_single_image image=&#8221;3551&#8243; img_size=&#8221;full&#8221; alignment=&#8221;center&#8221; onclick=&#8221;link_image&#8221;][\/vc_column_inner][\/vc_row_inner][vc_row_inner][vc_column_inner width=&#8221;1\/4&#8243;][vc_single_image image=&#8221;3552&#8243; img_size=&#8221;full&#8221; alignment=&#8221;center&#8221; onclick=&#8221;link_image&#8221;][\/vc_column_inner][vc_column_inner width=&#8221;1\/4&#8243;][vc_single_image image=&#8221;3553&#8243; img_size=&#8221;full&#8221; alignment=&#8221;center&#8221; onclick=&#8221;link_image&#8221;][\/vc_column_inner][vc_column_inner width=&#8221;1\/4&#8243;][vc_single_image image=&#8221;3554&#8243; img_size=&#8221;full&#8221; alignment=&#8221;center&#8221; onclick=&#8221;link_image&#8221;][\/vc_column_inner][vc_column_inner width=&#8221;1\/4&#8243;][vc_single_image image=&#8221;3555&#8243; img_size=&#8221;full&#8221; alignment=&#8221;center&#8221; onclick=&#8221;link_image&#8221;][\/vc_column_inner][\/vc_row_inner][vc_row_inner][vc_column_inner width=&#8221;1\/4&#8243;][vc_single_image image=&#8221;3556&#8243; img_size=&#8221;full&#8221; alignment=&#8221;center&#8221; onclick=&#8221;link_image&#8221;][\/vc_column_inner][vc_column_inner width=&#8221;1\/4&#8243;][vc_single_image image=&#8221;3558&#8243; img_size=&#8221;full&#8221; alignment=&#8221;center&#8221; onclick=&#8221;link_image&#8221;][\/vc_column_inner][vc_column_inner width=&#8221;1\/4&#8243;][vc_single_image image=&#8221;3559&#8243; img_size=&#8221;full&#8221; alignment=&#8221;center&#8221; onclick=&#8221;link_image&#8221;][\/vc_column_inner][vc_column_inner width=&#8221;1\/4&#8243;][vc_single_image image=&#8221;3560&#8243; img_size=&#8221;full&#8221; alignment=&#8221;center&#8221; onclick=&#8221;link_image&#8221;][\/vc_column_inner][\/vc_row_inner][\/vc_column][\/vc_row][vc_row full_width=&#8221;stretch_row&#8221; el_id=&#8221;contato&#8221;][vc_column css=&#8221;.vc_custom_1504671030274{padding-top: 0px !important;}&#8221;][vc_row_inner disable_element=&#8221;yes&#8221;][vc_column_inner css=&#8221;.vc_custom_1559222151809{padding-top: 50px !important;padding-bottom: 50px !important;padding-left: 50px !important;}&#8221; offset=&#8221;vc_col-lg-6 vc_col-md-6 vc_col-xs-12&#8243;][vc_raw_html]JTNDcCUyMGNsYXNzJTNEJTIydGl0dWxvcyUyMiUzRUVudHJlJTIwZW0lMjBDb250YXRvJTNDJTJGcCUzRQ==[\/vc_raw_html][\/vc_column_inner][vc_column_inner css=&#8221;.vc_custom_1559159385454{padding-top: 50px !important;padding-right: 50px !important;padding-bottom: 50px !important;}&#8221; offset=&#8221;vc_col-lg-6 vc_col-md-6 vc_col-xs-12&#8243;][vc_raw_html]JTNDcCUyMGNsYXNzJTNEJTIydGl0dWxvcyUyMiUzRWxvY2FsaXphJUMzJUE3JUMzJUEzbyUyMCUzQyUyRnAlM0U=[\/vc_raw_html][vc_raw_html]JTNDaWZyYW1lJTIwc3JjJTNEJTIyaHR0cHMlM0ElMkYlMkZ3d3cuZ29vZ2xlLmNvbSUyRm1hcHMlMkZlbWJlZCUzRnBiJTNEJTIxMW0xOCUyMTFtMTIlMjExbTMlMjExZDQ4OTQuMDUxODc2ODk0NzM5JTIxMmQtMzYuMDEyODg4OTg0NjgxNDglMjEzZC04LjI4ODU4MzM5NDAzNjU1NCUyMTJtMyUyMTFmMCUyMTJmMCUyMTNmMCUyMTNtMiUyMTFpMTAyNCUyMTJpNzY4JTIxNGYxMy4xJTIxM20zJTIxMW0yJTIxMXMweDdhOThjN2I5Y2Y1NDI1ZCUyNTNBMHg1MTlhYzdiOGRlMzE4ZWNkJTIxMnNBdi4lMkJMZSUyNUMzJTI1QTNvJTJCRG91cmFkbyUyNTJDJTJCMzExOS0yNzcxJTJCLSUyQkNhaXVjYSUyNTJDJTJCQ2FydWFydSUyQi0lMkJQRSUyMTVlMSUyMTNtMiUyMTFzcHQtQlIlMjEyc2JyJTIxNHYxNTU5MjIzMjk0NjU5JTIxNW0yJTIxMXNwdC1CUiUyMTJzYnIlMjIlMjB3aWR0aCUzRCUyMjgwMCUyMiUyMGhlaWdodCUzRCUyMjU1MCUyMiUyMGZyYW1lYm9yZGVyJTNEJTIyMCUyMiUyMHN0eWxlJTNEJTIyYm9yZGVyJTNBMCUyMiUyMGFsbG93ZnVsbHNjcmVlbiUzRSUzQyUyRmlmcmFtZSUzRQ==[\/vc_raw_html][\/vc_column_inner][\/vc_row_inner][vc_row_inner][vc_column_inner][vc_raw_html]JTNDcCUyMGNsYXNzJTNEJTIydGl0dWxvcyUyMiUzRWxvY2FsaXphJUMzJUE3JUMzJUEzbyUyMCUzQyUyRnAlM0U=[\/vc_raw_html][vc_raw_html]JTNDaWZyYW1lJTIwc3JjJTNEJTIyaHR0cHMlM0ElMkYlMkZ3d3cuZ29vZ2xlLmNvbSUyRm1hcHMlMkZlbWJlZCUzRnBiJTNEJTIxMW0xOCUyMTFtMTIlMjExbTMlMjExZDQ4OTQuMDUxODc2ODk0NzM5JTIxMmQtMzYuMDEyODg4OTg0NjgxNDglMjEzZC04LjI4ODU4MzM5NDAzNjU1NCUyMTJtMyUyMTFmMCUyMTJmMCUyMTNmMCUyMTNtMiUyMTFpMTAyNCUyMTJpNzY4JTIxNGYxMy4xJTIxM20zJTIxMW0yJTIxMXMweDdhOThjN2I5Y2Y1NDI1ZCUyNTNBMHg1MTlhYzdiOGRlMzE4ZWNkJTIxMnNBdi4lMkJMZSUyNUMzJTI1QTNvJTJCRG91cmFkbyUyNTJDJTJCMzExOS0yNzcxJTJCLSUyQkNhaXVjYSUyNTJDJTJCQ2FydWFydSUyQi0lMkJQRSUyMTVlMSUyMTNtMiUyMTFzcHQtQlIlMjEyc2JyJTIxNHYxNTU5MjIzMjk0NjU5JTIxNW0yJTIxMXNwdC1CUiUyMTJzYnIlMjIlMjB3aWR0aCUzRCUyMjEwMCUyNSUyMiUyMGhlaWdodCUzRCUyMjU1MCUyMiUyMGZyYW1lYm9yZGVyJTNEJTIyMCUyMiUyMHN0eWxlJTNEJTIyYm9yZGVyJTNBMCUyMiUyMGFsbG93ZnVsbHNjcmVlbiUzRSUzQyUyRmlmcmFtZSUzRQ==[\/vc_raw_html][\/vc_column_inner][\/vc_row_inner][\/vc_column][\/vc_row][vc_row css=&#8221;.vc_custom_1559247858140{padding-top: 70px !important;}&#8221; el_class=&#8221;device-mrgn-btm-sm&#8221; el_id=&#8221;administracao&#8221;][vc_column css=&#8221;.vc_custom_1505492644580{padding-top: 0px !important;}&#8221; offset=&#8221;vc_col-lg-6 vc_col-md-6 vc_col-xs-12&#8243;][\/vc_column][vc_column css=&#8221;.vc_custom_1505492658993{padding-top: 0px !important;}&#8221; offset=&#8221;vc_col-lg-6 vc_col-md-6 vc_col-xs-12&#8243;][\/vc_column][\/vc_row][vc_row full_width=&#8221;stretch_row&#8221; css=&#8221;.vc_custom_1559654951665{padding-top: 5px !important;padding-bottom: 5px !important;background-color: #e5e5e5 !important;}&#8221; el_class=&#8221;ironthm-box-shadow&#8221;][vc_column width=&#8221;1\/2&#8243; css=&#8221;.vc_custom_1505493220117{padding-top: 0px !important;}&#8221; el_class=&#8221;device-mrgn-btm-sm&#8221;][vc_raw_html css=&#8221;.vc_custom_1559654994909{margin-top: 25px !important;}&#8221;]JTNDcCUyMGNsYXNzJTNEJTIydGl0dWxvcyUyMiUzRWNvbnRhdG8lMjBjb21lcmNpYWwlM0MlMkZwJTNF[\/vc_raw_html][vc_single_image image=&#8221;3258&#8243; img_size=&#8221;medium&#8221;][\/vc_column][vc_column width=&#8221;1\/2&#8243; css=&#8221;.vc_custom_1505493227527{padding-top: 0px !important;}&#8221; el_class=&#8221;device-mrgn-btm-sm&#8221;][vc_column_text css=&#8221;.vc_custom_1559683681043{margin-top: 25px !important;margin-bottom: 0px !important;}&#8221;]<\/p>\n<p class=\"localizacao\" style=\"text-align: left;\"><i class=\"fa fa-map-marker\" aria-hidden=\"true\"><\/i>\u00a0CEIPE<\/p>\n<p>[\/vc_column_text][vc_row_inner][vc_column_inner css=&#8221;.vc_custom_1505493201649{padding-top: 0px !important;}&#8221; offset=&#8221;vc_col-lg-8 vc_col-md-8 vc_col-xs-8&#8243;][vc_column_text css=&#8221;.vc_custom_1560863044125{margin-top: 24px !important;margin-bottom: 0px !important;}&#8221;]<\/p>\n<address>Estrada do Alto do Moura, n\u00ba 582, 3\u00ba Distrito Industrial, Caruaru \u2013 PE<\/address>\n<address>(81) 3722-5248<\/address>\n<p>[\/vc_column_text][\/vc_column_inner][\/vc_row_inner][\/vc_column][\/vc_row]<\/p>\n","protected":false},"excerpt":{"rendered":"<p>[vc_row full_width=&#8221;stretch_row&#8221; css=&#8221;.vc_custom_1559247798078{padding-bottom: 50px !important;background-color: #f1f1f1 !important;}&#8221; el_class=&#8221;ironthm-custom-visible&#8221; el_id=&#8221;home&#8221;][vc_column css=&#8221;.vc_custom_1504670456647{padding-top: 0px !important;}&#8221;][vc_row_inner css=&#8221;.vc_custom_1533292204980{margin-right: 0px !important;margin-bottom: 70px !important;margin-left: 0px !important;padding-top: 30px !important;padding-right: 30px !important;padding-bottom: 30px !important;padding-left: 30px !important;background-color: #ffffff !important;border-radius: 10px !important;}&#8221; el_class=&#8221;mrgn-top-ngv-xs ironthm-box-shadow&#8221;][vc_column_inner el_class=&#8221;device-mrgn-btm-sm&#8221; css=&#8221;.vc_custom_1505491929791{padding-top: 0px !important;}&#8221; offset=&#8221;vc_col-lg-8 vc_col-md-8 vc_col-xs-12&#8243;][vc_custom_heading text=&#8221;Condom\u00ednio Empresarial e Industrial de Pernambuco &#8211; CEIPE&#8221; font_container=&#8221;tag:h3|text_align:left|color:%23234791&#8243; use_theme_fonts=&#8221;yes&#8221; css=&#8221;.vc_custom_1559153804688{margin-bottom: 20px !important;}&#8221;][vc_column_text css=&#8221;.vc_custom_1560863751618{margin-bottom: 0px [&hellip;]<\/p>\n","protected":false},"author":1,"featured_media":0,"parent":0,"menu_order":0,"comment_status":"closed","ping_status":"closed","template":"","meta":{"footnotes":""},"class_list":["post-767","page","type-page","status-publish","hentry"],"_links":{"self":[{"href":"https:\/\/ceipecondominiologistico.com.br\/index.php\/wp-json\/wp\/v2\/pages\/767"}],"collection":[{"href":"https:\/\/ceipecondominiologistico.com.br\/index.php\/wp-json\/wp\/v2\/pages"}],"about":[{"href":"https:\/\/ceipecondominiologistico.com.br\/index.php\/wp-json\/wp\/v2\/types\/page"}],"author":[{"embeddable":true,"href":"https:\/\/ceipecondominiologistico.com.br\/index.php\/wp-json\/wp\/v2\/users\/1"}],"replies":[{"embeddable":true,"href":"https:\/\/ceipecondominiologistico.com.br\/index.php\/wp-json\/wp\/v2\/comments?post=767"}],"version-history":[{"count":195,"href":"https:\/\/ceipecondominiologistico.com.br\/index.php\/wp-json\/wp\/v2\/pages\/767\/revisions"}],"predecessor-version":[{"id":3572,"href":"https:\/\/ceipecondominiologistico.com.br\/index.php\/wp-json\/wp\/v2\/pages\/767\/revisions\/3572"}],"wp:attachment":[{"href":"https:\/\/ceipecondominiologistico.com.br\/index.php\/wp-json\/wp\/v2\/media?parent=767"}],"curies":[{"name":"wp","href":"https:\/\/api.w.org\/{rel}","templated":true}]}}